{"id":30897,"date":"2025-02-24T09:54:10","date_gmt":"2025-02-24T09:54:10","guid":{"rendered":"https:\/\/hoteldomhenrique.pt\/politica-de-privacidad\/"},"modified":"2025-10-08T15:15:08","modified_gmt":"2025-10-08T15:15:08","slug":"politica-de-privacidad","status":"publish","type":"page","link":"https:\/\/hoteldomhenrique.pt\/es\/politica-de-privacidad\/","title":{"rendered":"Pol\u00edtica de privacidad"},"content":{"rendered":"\t\t<div data-elementor-type=\"wp-page\" data-elementor-id=\"30897\" class=\"elementor elementor-30897 elementor-25680\" data-elementor-post-type=\"page\">\n\t\t\t\t<div class=\"elementor-element elementor-element-54f6d01 thegem-e-con-layout-thegem e-flex e-con-boxed e-con e-parent\" data-id=\"54f6d01\" data-element_type=\"container\" data-e-type=\"container\" data-settings=\"{&quot;thegem_container_layout&quot;:&quot;thegem&quot;}\">\r\n\t\t\t\t\t<div class=\"e-con-inner\">\r\n\t\t<div class=\"elementor-element elementor-element-20ab4bb e-con-full thegem-e-con-layout-thegem e-flex e-con e-child\" data-id=\"20ab4bb\" data-element_type=\"container\" data-e-type=\"container\" data-settings=\"{&quot;thegem_container_layout&quot;:&quot;thegem&quot;}\">\r\n\t\t\t\t<div class=\"elementor-element elementor-element-5bc49d0 flex-horizontal-align-default flex-horizontal-align-tablet-default flex-horizontal-align-mobile-default flex-vertical-align-default flex-vertical-align-tablet-default flex-vertical-align-mobile-default elementor-widget elementor-widget-heading\" data-id=\"5bc49d0\" data-element_type=\"widget\" data-e-type=\"widget\" data-widget_type=\"heading.default\">\n\t\t\t\t<div class=\"elementor-widget-container\">\n\t\t\t\t\t<h1 class=\"elementor-heading-title elementor-size-default\">Hotel Dom Henrique<\/h1>\t\t\t\t<\/div>\n\t\t\t\t<\/div>\n\t\t\t\t<div class=\"elementor-element elementor-element-6b687ba flex-horizontal-align-default flex-horizontal-align-tablet-default flex-horizontal-align-mobile-default flex-vertical-align-default flex-vertical-align-tablet-default flex-vertical-align-mobile-default elementor-widget elementor-widget-heading\" data-id=\"6b687ba\" data-element_type=\"widget\" data-e-type=\"widget\" data-widget_type=\"heading.default\">\n\t\t\t\t<div class=\"elementor-widget-container\">\n\t\t\t\t\t<h2 class=\"elementor-heading-title elementor-size-default\">Su informaci\u00f3n<\/h2>\t\t\t\t<\/div>\n\t\t\t\t<\/div>\n\t\t\t\t<div class=\"elementor-element elementor-element-b017196 flex-horizontal-align-default flex-horizontal-align-tablet-default flex-horizontal-align-mobile-default flex-vertical-align-default flex-vertical-align-tablet-default flex-vertical-align-mobile-default elementor-widget elementor-widget-text-editor\" data-id=\"b017196\" data-element_type=\"widget\" data-e-type=\"widget\" data-widget_type=\"text-editor.default\">\n\t\t\t\t<div class=\"elementor-widget-container\">\n\t\t\t\t\t\t\t\t\t\t\t\t<div class=\"elementor-text-editor elementor-clearfix\">\r\n\t\t\t\t\t\t<p>La confidencialidad e integridad de sus datos personales es una de nuestras principales preocupaciones.<\/p><p>Sus datos personales se recoger\u00e1n con fines de marketing y comunicaci\u00f3n (comunicaci\u00f3n de informaci\u00f3n, productos y ofertas del Hotel Dom Henrique y 17\u00ba Restaurante &amp; Bar) en los t\u00e9rminos del formulario de suscripci\u00f3n al bolet\u00edn de noticias de la p\u00e1gina de inicio del sitio web. En los t\u00e9rminos de la legislaci\u00f3n de protecci\u00f3n de datos vigente en la Uni\u00f3n Europea (Reglamento General de Protecci\u00f3n de Datos), el uso de datos personales debe estar justificado por al menos una base jur\u00eddica para el tratamiento de datos personales. La base jur\u00eddica aplicable a la recogida y uso de datos personales con fines de marketing y comunicaci\u00f3n es su consentimiento.<br>Al utilizar nuestro sitio web, usted nos autoriza a recoger, utilizar y divulgar sus datos personales de conformidad con la presente Pol\u00edtica de Privacidad. Si no est\u00e1 de acuerdo con esta Pol\u00edtica de Privacidad, no puede utilizar el sitio web ni enviarnos informaci\u00f3n a trav\u00e9s de nuestro sitio web o en relaci\u00f3n con \u00e9l.<br>Cumplimos los principios definidos por la legislaci\u00f3n aplicable.   <\/p>\t\t\t\t\t\t\t<\/div>\r\n\t\t\t\t\t\t\t\t\t\t<\/div>\n\t\t\t\t<\/div>\n\t\t\t\t<div class=\"elementor-element elementor-element-e69ae95 flex-horizontal-align-default flex-horizontal-align-tablet-default flex-horizontal-align-mobile-default flex-vertical-align-default flex-vertical-align-tablet-default flex-vertical-align-mobile-default elementor-widget elementor-widget-heading\" data-id=\"e69ae95\" data-element_type=\"widget\" data-e-type=\"widget\" data-widget_type=\"heading.default\">\n\t\t\t\t<div class=\"elementor-widget-container\">\n\t\t\t\t\t<h2 class=\"elementor-heading-title elementor-size-default\">Aviso de recogida de datos<\/h2>\t\t\t\t<\/div>\n\t\t\t\t<\/div>\n\t\t\t\t<div class=\"elementor-element elementor-element-2305394 flex-horizontal-align-default flex-horizontal-align-tablet-default flex-horizontal-align-mobile-default flex-vertical-align-default flex-vertical-align-tablet-default flex-vertical-align-mobile-default elementor-widget elementor-widget-text-editor\" data-id=\"2305394\" data-element_type=\"widget\" data-e-type=\"widget\" data-widget_type=\"text-editor.default\">\n\t\t\t\t<div class=\"elementor-widget-container\">\n\t\t\t\t\t\t\t\t\t\t\t\t<div class=\"elementor-text-editor elementor-clearfix\">\r\n\t\t\t\t\t\t<p>Al visitar el sitio web, usted acepta las pr\u00e1cticas descritas en esta Pol\u00edtica de Privacidad y nos autoriza a recoger y utilizar su informaci\u00f3n personal para los fines descritos en esta Pol\u00edtica de Privacidad y para cualquier otro fin que se considere razonablemente necesario para la correcta prestaci\u00f3n o gesti\u00f3n del sitio web y la actividad del Hotel Dom Henrique.<br>Tenga en cuenta que el sitio web puede contener enlaces a otros sitios web que est\u00e1n fuera de nuestro control. Si accede a otros sitios web utilizando los enlaces proporcionados, los operadores de esos otros sitios web pueden recopilar informaci\u00f3n de usted que ser\u00e1 utilizada por ellos en los t\u00e9rminos de su respectiva Pol\u00edtica de Privacidad, que puede diferir de la nuestra. El Hotel Dom Henrique no se hace responsable de las pol\u00edticas de privacidad de los sitios web que visite.  <\/p>\t\t\t\t\t\t\t<\/div>\r\n\t\t\t\t\t\t\t\t\t\t<\/div>\n\t\t\t\t<\/div>\n\t\t\t\t<div class=\"elementor-element elementor-element-1926d31 flex-horizontal-align-default flex-horizontal-align-tablet-default flex-horizontal-align-mobile-default flex-vertical-align-default flex-vertical-align-tablet-default flex-vertical-align-mobile-default elementor-widget elementor-widget-heading\" data-id=\"1926d31\" data-element_type=\"widget\" data-e-type=\"widget\" data-widget_type=\"heading.default\">\n\t\t\t\t<div class=\"elementor-widget-container\">\n\t\t\t\t\t<h2 class=\"elementor-heading-title elementor-size-default\">Marketing y uso comercial<\/h2>\t\t\t\t<\/div>\n\t\t\t\t<\/div>\n\t\t\t\t<div class=\"elementor-element elementor-element-31668ac flex-horizontal-align-default flex-horizontal-align-tablet-default flex-horizontal-align-mobile-default flex-vertical-align-default flex-vertical-align-tablet-default flex-vertical-align-mobile-default elementor-widget elementor-widget-text-editor\" data-id=\"31668ac\" data-element_type=\"widget\" data-e-type=\"widget\" data-widget_type=\"text-editor.default\">\n\t\t\t\t<div class=\"elementor-widget-container\">\n\t\t\t\t\t\t\t\t\t\t\t\t<div class=\"elementor-text-editor elementor-clearfix\">\r\n\t\t\t\t\t\t<p>Cuando nos proporcion\u00f3 sus datos personales, se le dio la oportunidad de suscribirse a nuestras comunicaciones de marketing.<br>Puede suscribirse o darse de baja de nuestras comunicaciones comerciales en cualquier momento. Todos los correos electr\u00f3nicos de marketing contienen un enlace para que pueda optar por no recibir m\u00e1s comunicaciones de marketing del sitio web. <\/p>\t\t\t\t\t\t\t<\/div>\r\n\t\t\t\t\t\t\t\t\t\t<\/div>\n\t\t\t\t<\/div>\n\t\t\t\t<div class=\"elementor-element elementor-element-22c2b68 flex-horizontal-align-default flex-horizontal-align-tablet-default flex-horizontal-align-mobile-default flex-vertical-align-default flex-vertical-align-tablet-default flex-vertical-align-mobile-default elementor-widget elementor-widget-heading\" data-id=\"22c2b68\" data-element_type=\"widget\" data-e-type=\"widget\" data-widget_type=\"heading.default\">\n\t\t\t\t<div class=\"elementor-widget-container\">\n\t\t\t\t\t<h2 class=\"elementor-heading-title elementor-size-default\">Compartir<\/h2>\t\t\t\t<\/div>\n\t\t\t\t<\/div>\n\t\t\t\t<div class=\"elementor-element elementor-element-aa7c5c3 flex-horizontal-align-default flex-horizontal-align-tablet-default flex-horizontal-align-mobile-default flex-vertical-align-default flex-vertical-align-tablet-default flex-vertical-align-mobile-default elementor-widget elementor-widget-text-editor\" data-id=\"aa7c5c3\" data-element_type=\"widget\" data-e-type=\"widget\" data-widget_type=\"text-editor.default\">\n\t\t\t\t<div class=\"elementor-widget-container\">\n\t\t\t\t\t\t\t\t\t\t\t\t<div class=\"elementor-text-editor elementor-clearfix\">\r\n\t\t\t\t\t\t<p>S\u00f3lo compartiremos informaci\u00f3n en las siguientes circunstancias:<br>Con nuestro grupo de empresas.<br>Con el Estado, organizaciones encargadas de hacer cumplir la ley y organismos reguladores, cuando consideremos que la divulgaci\u00f3n de la informaci\u00f3n es justa, razonable y l\u00edcita.<\/p>\t\t\t\t\t\t\t<\/div>\r\n\t\t\t\t\t\t\t\t\t\t<\/div>\n\t\t\t\t<\/div>\n\t\t\t\t<div class=\"elementor-element elementor-element-161c87b flex-horizontal-align-default flex-horizontal-align-tablet-default flex-horizontal-align-mobile-default flex-vertical-align-default flex-vertical-align-tablet-default flex-vertical-align-mobile-default elementor-widget elementor-widget-heading\" data-id=\"161c87b\" data-element_type=\"widget\" data-e-type=\"widget\" data-widget_type=\"heading.default\">\n\t\t\t\t<div class=\"elementor-widget-container\">\n\t\t\t\t\t<h2 class=\"elementor-heading-title elementor-size-default\">Seguridad<\/h2>\t\t\t\t<\/div>\n\t\t\t\t<\/div>\n\t\t\t\t<div class=\"elementor-element elementor-element-71267bd flex-horizontal-align-default flex-horizontal-align-tablet-default flex-horizontal-align-mobile-default flex-vertical-align-default flex-vertical-align-tablet-default flex-vertical-align-mobile-default elementor-widget elementor-widget-text-editor\" data-id=\"71267bd\" data-element_type=\"widget\" data-e-type=\"widget\" data-widget_type=\"text-editor.default\">\n\t\t\t\t<div class=\"elementor-widget-container\">\n\t\t\t\t\t\t\t\t\t\t\t\t<div class=\"elementor-text-editor elementor-clearfix\">\r\n\t\t\t\t\t\t<p>Nos tomamos muy en serio la seguridad de su informaci\u00f3n y disponemos de controles y procesos para minimizar el riesgo de una violaci\u00f3n de datos, aunque usted debe asumir la responsabilidad cuando visite otros sitios web, incluso si ha seguido un enlace a ellos desde nuestro sitio web.<br>En caso de que se produzca una violaci\u00f3n de datos, tomaremos las medidas oportunas para notificarle si est\u00e1 o puede estar afectado, y haremos todo lo posible para minimizar el impacto.<\/p>\t\t\t\t\t\t\t<\/div>\r\n\t\t\t\t\t\t\t\t\t\t<\/div>\n\t\t\t\t<\/div>\n\t\t\t\t<div class=\"elementor-element elementor-element-25876f5 elementor-widget__width-initial flex-horizontal-align-default flex-horizontal-align-tablet-default flex-horizontal-align-mobile-default flex-vertical-align-default flex-vertical-align-tablet-default flex-vertical-align-mobile-default elementor-widget elementor-widget-heading\" data-id=\"25876f5\" data-element_type=\"widget\" data-e-type=\"widget\" data-widget_type=\"heading.default\">\n\t\t\t\t<div class=\"elementor-widget-container\">\n\t\t\t\t\t<h2 class=\"elementor-heading-title elementor-size-default\">C\u00f3mo recopilamos los datos<\/h2>\t\t\t\t<\/div>\n\t\t\t\t<\/div>\n\t\t\t\t<div class=\"elementor-element elementor-element-5594437 flex-horizontal-align-default flex-horizontal-align-tablet-default flex-horizontal-align-mobile-default flex-vertical-align-default flex-vertical-align-tablet-default flex-vertical-align-mobile-default elementor-widget elementor-widget-text-editor\" data-id=\"5594437\" data-element_type=\"widget\" data-e-type=\"widget\" data-widget_type=\"text-editor.default\">\n\t\t\t\t<div class=\"elementor-widget-container\">\n\t\t\t\t\t\t\t\t\t\t\t\t<div class=\"elementor-text-editor elementor-clearfix\">\r\n\t\t\t\t\t\t<p>Recogemos datos personales bas\u00e1ndonos en la informaci\u00f3n que usted nos proporciona.<br>Si decide rellenar cuestionarios, participar en un concurso, solicitar un empleo o hacer una reserva en l\u00ednea, se le pedir\u00e1n algunos datos personales, como su nombre, direcci\u00f3n, n\u00famero de tel\u00e9fono y direcci\u00f3n de correo electr\u00f3nico.<br>Si participa en un concurso, deber\u00e1 leer las condiciones de esta promoci\u00f3n, que confirmar\u00e1n hasta qu\u00e9 punto utilizaremos los datos personales que nos facilite como parte de su participaci\u00f3n en el concurso.<\/p>\t\t\t\t\t\t\t<\/div>\r\n\t\t\t\t\t\t\t\t\t\t<\/div>\n\t\t\t\t<\/div>\n\t\t\t\t<div class=\"elementor-element elementor-element-43401e9 elementor-widget__width-initial flex-horizontal-align-default flex-horizontal-align-tablet-default flex-horizontal-align-mobile-default flex-vertical-align-default flex-vertical-align-tablet-default flex-vertical-align-mobile-default elementor-widget elementor-widget-heading\" data-id=\"43401e9\" data-element_type=\"widget\" data-e-type=\"widget\" data-widget_type=\"heading.default\">\n\t\t\t\t<div class=\"elementor-widget-container\">\n\t\t\t\t\t<h2 class=\"elementor-heading-title elementor-size-default\">Informaci\u00f3n que podemos comprar<\/h2>\t\t\t\t<\/div>\n\t\t\t\t<\/div>\n\t\t\t\t<div class=\"elementor-element elementor-element-d322331 flex-horizontal-align-default flex-horizontal-align-tablet-default flex-horizontal-align-mobile-default flex-vertical-align-default flex-vertical-align-tablet-default flex-vertical-align-mobile-default elementor-widget elementor-widget-text-editor\" data-id=\"d322331\" data-element_type=\"widget\" data-e-type=\"widget\" data-widget_type=\"text-editor.default\">\n\t\t\t\t<div class=\"elementor-widget-container\">\n\t\t\t\t\t\t\t\t\t\t\t\t<div class=\"elementor-text-editor elementor-clearfix\">\r\n\t\t\t\t\t\t<p>Si compramos informaci\u00f3n sobre usted a otra empresa, como listas de marketing, nos comprometemos a llevar a cabo todas las comprobaciones necesarias para garantizar que su informaci\u00f3n se ha recopilado legalmente.<\/p>\t\t\t\t\t\t\t<\/div>\r\n\t\t\t\t\t\t\t\t\t\t<\/div>\n\t\t\t\t<\/div>\n\t\t\t\t<div class=\"elementor-element elementor-element-aa853e0 elementor-widget__width-initial flex-horizontal-align-default flex-horizontal-align-tablet-default flex-horizontal-align-mobile-default flex-vertical-align-default flex-vertical-align-tablet-default flex-vertical-align-mobile-default elementor-widget elementor-widget-heading\" data-id=\"aa853e0\" data-element_type=\"widget\" data-e-type=\"widget\" data-widget_type=\"heading.default\">\n\t\t\t\t<div class=\"elementor-widget-container\">\n\t\t\t\t\t<h2 class=\"elementor-heading-title elementor-size-default\">\u00bfPor qu\u00e9 se recogen datos personales?<\/h2>\t\t\t\t<\/div>\n\t\t\t\t<\/div>\n\t\t\t\t<div class=\"elementor-element elementor-element-7d60f42 flex-horizontal-align-default flex-horizontal-align-tablet-default flex-horizontal-align-mobile-default flex-vertical-align-default flex-vertical-align-tablet-default flex-vertical-align-mobile-default elementor-widget elementor-widget-text-editor\" data-id=\"7d60f42\" data-element_type=\"widget\" data-e-type=\"widget\" data-widget_type=\"text-editor.default\">\n\t\t\t\t<div class=\"elementor-widget-container\">\n\t\t\t\t\t\t\t\t\t\t\t\t<div class=\"elementor-text-editor elementor-clearfix\">\r\n\t\t\t\t\t\t<p>Recogemos sus datos personales por varias razones. En particular, nos permiten personalizar su experiencia en nuestro sitio web, enviarle informaci\u00f3n sobre nuestros productos y ofertas. <\/p>\t\t\t\t\t\t\t<\/div>\r\n\t\t\t\t\t\t\t\t\t\t<\/div>\n\t\t\t\t<\/div>\n\t\t\t\t<div class=\"elementor-element elementor-element-d497c2e elementor-widget__width-initial flex-horizontal-align-default flex-horizontal-align-tablet-default flex-horizontal-align-mobile-default flex-vertical-align-default flex-vertical-align-tablet-default flex-vertical-align-mobile-default elementor-widget elementor-widget-heading\" data-id=\"d497c2e\" data-element_type=\"widget\" data-e-type=\"widget\" data-widget_type=\"heading.default\">\n\t\t\t\t<div class=\"elementor-widget-container\">\n\t\t\t\t\t<h2 class=\"elementor-heading-title elementor-size-default\">Los datos que nos facilita son:<\/h2>\t\t\t\t<\/div>\n\t\t\t\t<\/div>\n\t\t\t\t<div class=\"elementor-element elementor-element-1981055 flex-horizontal-align-default flex-horizontal-align-tablet-default flex-horizontal-align-mobile-default flex-vertical-align-default flex-vertical-align-tablet-default flex-vertical-align-mobile-default elementor-widget elementor-widget-text-editor\" data-id=\"1981055\" data-element_type=\"widget\" data-e-type=\"widget\" data-widget_type=\"text-editor.default\">\n\t\t\t\t<div class=\"elementor-widget-container\">\n\t\t\t\t\t\t\t\t\t\t\t\t<div class=\"elementor-text-editor elementor-clearfix\">\r\n\t\t\t\t\t\t<p>A\u00f1\u00e1dase a una de nuestras listas de correo;<br>Comunicarnos con usted;<br>Prestarle un servicio o realizar una solicitud que nos haya pedido;<br>Personalizar el servicio que le prestamos;<br>Enviar sugerencias, ofertas o noticias relacionadas con los productos del Hotel Dom Henrique y 17\u00ba Restaurante &amp; Bar.<\/p><p>Nuestro sitio web coopera con las solicitudes obligatorias realizadas por las autoridades legales y se reserva el derecho a revelar informaci\u00f3n que permita la identificaci\u00f3n con el fin de detectar fraudes.<\/p><p>La informaci\u00f3n puede compartirse con organizaciones gubernamentales u otras empresas que nos apoyen en la prevenci\u00f3n o investigaci\u00f3n del fraude, siempre que sea necesario:<\/p><p>Cuando as\u00ed lo exija o permita la ley;<br>Cuando se trate de proteger o prevenir un fraude real o posibles transacciones no autorizadas;<br>Al investigar un fraude que ya se haya producido.<\/p>\t\t\t\t\t\t\t<\/div>\r\n\t\t\t\t\t\t\t\t\t\t<\/div>\n\t\t\t\t<\/div>\n\t\t\t\t<div class=\"elementor-element elementor-element-f154e7c elementor-widget__width-initial flex-horizontal-align-default flex-horizontal-align-tablet-default flex-horizontal-align-mobile-default flex-vertical-align-default flex-vertical-align-tablet-default flex-vertical-align-mobile-default elementor-widget elementor-widget-heading\" data-id=\"f154e7c\" data-element_type=\"widget\" data-e-type=\"widget\" data-widget_type=\"heading.default\">\n\t\t\t\t<div class=\"elementor-widget-container\">\n\t\t\t\t\t<h2 class=\"elementor-heading-title elementor-size-default\">\u00bfC\u00f3mo tratamos los datos personales de forma segura?<\/h2>\t\t\t\t<\/div>\n\t\t\t\t<\/div>\n\t\t\t\t<div class=\"elementor-element elementor-element-25e86f3 flex-horizontal-align-default flex-horizontal-align-tablet-default flex-horizontal-align-mobile-default flex-vertical-align-default flex-vertical-align-tablet-default flex-vertical-align-mobile-default elementor-widget elementor-widget-text-editor\" data-id=\"25e86f3\" data-element_type=\"widget\" data-e-type=\"widget\" data-widget_type=\"text-editor.default\">\n\t\t\t\t<div class=\"elementor-widget-container\">\n\t\t\t\t\t\t\t\t\t\t\t\t<div class=\"elementor-text-editor elementor-clearfix\">\r\n\t\t\t\t\t\t<p>Hemos adoptado las medidas de seguridad adecuadas para proteger contra la p\u00e9rdida, el uso indebido y la alteraci\u00f3n los datos bajo el control del sitio web. S\u00f3lo tienen acceso a esta informaci\u00f3n los empleados, agentes y subcontratistas debidamente autorizados (con garant\u00eda de que mantendr\u00e1n la informaci\u00f3n segura y confidencial).<br>Nunca facilitamos datos de usuarios individuales sin su consentimiento previo.<br>A pesar de ser un sitio web seguro, no es posible garantizar que un pirata inform\u00e1tico no pueda obtener las comunicaciones entre los usuarios y el sitio web. En caso de que se produzca un fallo de seguridad, nos esforzaremos por garantizar que las consecuencias para los usuarios sean m\u00ednimas. Si descubrimos que la seguridad de sus datos personales se ha visto comprometida, procuraremos ponernos en contacto con usted lo antes posible.   <\/p>\t\t\t\t\t\t\t<\/div>\r\n\t\t\t\t\t\t\t\t\t\t<\/div>\n\t\t\t\t<\/div>\n\t\t\t\t<div class=\"elementor-element elementor-element-801d201 elementor-widget__width-initial flex-horizontal-align-default flex-horizontal-align-tablet-default flex-horizontal-align-mobile-default flex-vertical-align-default flex-vertical-align-tablet-default flex-vertical-align-mobile-default elementor-widget elementor-widget-heading\" data-id=\"801d201\" data-element_type=\"widget\" data-e-type=\"widget\" data-widget_type=\"heading.default\">\n\t\t\t\t<div class=\"elementor-widget-container\">\n\t\t\t\t\t<h2 class=\"elementor-heading-title elementor-size-default\">Sus derechos<\/h2>\t\t\t\t<\/div>\n\t\t\t\t<\/div>\n\t\t\t\t<div class=\"elementor-element elementor-element-d6cb887 flex-horizontal-align-default flex-horizontal-align-tablet-default flex-horizontal-align-mobile-default flex-vertical-align-default flex-vertical-align-tablet-default flex-vertical-align-mobile-default elementor-widget elementor-widget-text-editor\" data-id=\"d6cb887\" data-element_type=\"widget\" data-e-type=\"widget\" data-widget_type=\"text-editor.default\">\n\t\t\t\t<div class=\"elementor-widget-container\">\n\t\t\t\t\t\t\t\t\t\t\t\t<div class=\"elementor-text-editor elementor-clearfix\">\r\n\t\t\t\t\t\t<p>Para obtener una copia de sus datos personales en poder del Hotel Dom Henrique e 17\u00ba Restaurante &amp; Bar, env\u00ede su solicitud por correo postal a:<\/p><p>Hotel Dom Henrique &#8211; Rua Guedes de Azevedo 179; 4049-009 Oporto.<br>Para corregir sus datos, env\u00ede un correo electr\u00f3nico a privacy@hoteldomhenrique.pt.<\/p>\t\t\t\t\t\t\t<\/div>\r\n\t\t\t\t\t\t\t\t\t\t<\/div>\n\t\t\t\t<\/div>\n\t\t\t\t<div class=\"elementor-element elementor-element-38ad376 elementor-widget__width-initial flex-horizontal-align-default flex-horizontal-align-tablet-default flex-horizontal-align-mobile-default flex-vertical-align-default flex-vertical-align-tablet-default flex-vertical-align-mobile-default elementor-widget elementor-widget-heading\" data-id=\"38ad376\" data-element_type=\"widget\" data-e-type=\"widget\" data-widget_type=\"heading.default\">\n\t\t\t\t<div class=\"elementor-widget-container\">\n\t\t\t\t\t<h2 class=\"elementor-heading-title elementor-size-default\">Ley de protecci\u00f3n de datos<\/h2>\t\t\t\t<\/div>\n\t\t\t\t<\/div>\n\t\t\t\t<div class=\"elementor-element elementor-element-823b0ae flex-horizontal-align-default flex-horizontal-align-tablet-default flex-horizontal-align-mobile-default flex-vertical-align-default flex-vertical-align-tablet-default flex-vertical-align-mobile-default elementor-widget elementor-widget-text-editor\" data-id=\"823b0ae\" data-element_type=\"widget\" data-e-type=\"widget\" data-widget_type=\"text-editor.default\">\n\t\t\t\t<div class=\"elementor-widget-container\">\n\t\t\t\t\t\t\t\t\t\t\t\t<div class=\"elementor-text-editor elementor-clearfix\">\r\n\t\t\t\t\t\t<p>El responsable del tratamiento de sus datos personales es el Hotel Dom Henrique e 17\u00ba Restaurante &amp; Bar, NIPC 500 258 422, direcci\u00f3n postal: Rua Guedes de Azevedo 179, 4049-009 Porto.<br>Si tiene alguna pregunta, queja o consulta sobre c\u00f3mo utilizamos sus datos personales, p\u00f3ngase en contacto con nosotros en privacy@hoteldomhenrique.pt.<\/p>\t\t\t\t\t\t\t<\/div>\r\n\t\t\t\t\t\t\t\t\t\t<\/div>\n\t\t\t\t<\/div>\n\t\t\t\t<\/div>\n\t\t\t\t\t<\/div>\n\t\t\t\t<\/div>\n\t\t\t\t<\/div>\n\t\t","protected":false},"excerpt":{"rendered":"<p>Hotel Dom Henrique Su informaci\u00f3n La confidencialidad e integridad de sus datos personales es una de nuestras principales preocupaciones. Sus&#8230;<\/p>\n","protected":false},"author":2,"featured_media":0,"parent":0,"menu_order":0,"comment_status":"closed","ping_status":"closed","template":"page-fullwidth.php","meta":{"rs_blank_template":"","rs_page_bg_color":"","slide_template_v7":"","footnotes":""},"wf_page_folders":[91],"class_list":["post-30897","page","type-page","status-publish"],"_links":{"self":[{"href":"https:\/\/hoteldomhenrique.pt\/es\/wp-json\/wp\/v2\/pages\/30897","targetHints":{"allow":["GET"]}}],"collection":[{"href":"https:\/\/hoteldomhenrique.pt\/es\/wp-json\/wp\/v2\/pages"}],"about":[{"href":"https:\/\/hoteldomhenrique.pt\/es\/wp-json\/wp\/v2\/types\/page"}],"author":[{"embeddable":true,"href":"https:\/\/hoteldomhenrique.pt\/es\/wp-json\/wp\/v2\/users\/2"}],"replies":[{"embeddable":true,"href":"https:\/\/hoteldomhenrique.pt\/es\/wp-json\/wp\/v2\/comments?post=30897"}],"version-history":[{"count":0,"href":"https:\/\/hoteldomhenrique.pt\/es\/wp-json\/wp\/v2\/pages\/30897\/revisions"}],"wp:attachment":[{"href":"https:\/\/hoteldomhenrique.pt\/es\/wp-json\/wp\/v2\/media?parent=30897"}],"wp:term":[{"taxonomy":"wf_page_folders","embeddable":true,"href":"https:\/\/hoteldomhenrique.pt\/es\/wp-json\/wp\/v2\/wf_page_folders?post=30897"}],"curies":[{"name":"wp","href":"https:\/\/api.w.org\/{rel}","templated":true}]}}