{"id":30899,"date":"2025-02-24T10:08:07","date_gmt":"2025-02-24T10:08:07","guid":{"rendered":"https:\/\/hoteldomhenrique.pt\/alternative-dispute-resolution\/"},"modified":"2025-10-08T15:19:00","modified_gmt":"2025-10-08T15:19:00","slug":"alternative-dispute-resolution","status":"publish","type":"page","link":"https:\/\/hoteldomhenrique.pt\/en\/alternative-dispute-resolution\/","title":{"rendered":"Alternative Dispute Resolution"},"content":{"rendered":"\t\t<div data-elementor-type=\"wp-page\" data-elementor-id=\"30899\" class=\"elementor elementor-30899 elementor-25685\" data-elementor-post-type=\"page\">\n\t\t\t\t<div class=\"elementor-element elementor-element-5049e73 thegem-e-con-layout-thegem e-flex e-con-boxed e-con e-parent\" data-id=\"5049e73\" data-element_type=\"container\" data-e-type=\"container\" data-settings=\"{&quot;thegem_container_layout&quot;:&quot;thegem&quot;}\">\r\n\t\t\t\t\t<div class=\"e-con-inner\">\r\n\t\t\t\t<div class=\"elementor-element elementor-element-44dd880 flex-horizontal-align-default flex-horizontal-align-tablet-default flex-horizontal-align-mobile-default flex-vertical-align-default flex-vertical-align-tablet-default flex-vertical-align-mobile-default elementor-widget elementor-widget-heading\" data-id=\"44dd880\" data-element_type=\"widget\" data-e-type=\"widget\" data-widget_type=\"heading.default\">\n\t\t\t\t<div class=\"elementor-widget-container\">\n\t\t\t\t\t<h1 class=\"elementor-heading-title elementor-size-default\">Hotel Dom Henrique<\/h1>\t\t\t\t<\/div>\n\t\t\t\t<\/div>\n\t\t<div class=\"elementor-element elementor-element-be57f5f e-con-full thegem-e-con-layout-thegem e-flex e-con e-child\" data-id=\"be57f5f\" data-element_type=\"container\" data-e-type=\"container\" data-settings=\"{&quot;thegem_container_layout&quot;:&quot;thegem&quot;}\">\r\n\t\t\t\t<div class=\"elementor-element elementor-element-fc42912 flex-horizontal-align-default flex-horizontal-align-tablet-default flex-horizontal-align-mobile-default flex-vertical-align-default flex-vertical-align-tablet-default flex-vertical-align-mobile-default elementor-widget elementor-widget-text-editor\" data-id=\"fc42912\" data-element_type=\"widget\" data-e-type=\"widget\" data-widget_type=\"text-editor.default\">\n\t\t\t\t<div class=\"elementor-widget-container\">\n\t\t\t\t\t\t\t\t\t\t\t\t<div class=\"elementor-text-editor elementor-clearfix\">\r\n\t\t\t\t\t\t<div class=\"wpb_text_column wpb_content_element \"><div class=\"wpb_wrapper\"><section class=\"av_textblock_section \"><section class=\"av_textblock_section \"><p>In the event of a dispute, the consumer can turn to an Alternative Dispute Resolution Body called<br \/>Centro de Informa\u00e7\u00e3o de Consumo e Arbitragem do Porto, located at Rua de Dami\u00e3o de G\u00f3is, n.\u00ba 31, loja 6, 4050-225 Porto, with the following contact details:<\/p><p>Tel: <a href=\"tel:+351225029791\">225 029 791<\/a> \/ <a href=\"tel:+351225026109\">225 026 109<\/a>;<\/p><p>e-mail: <a href=\"mailto:cicap@mail.telepac.pt\">cicap@mail.telepac.pt<\/a>;<\/p><p>website: <a href=\"http:\/\/www.cicap.pt\/\" target=\"_blank\" rel=\"noopener noreferrer\">www.cicap.pt<\/a><\/p><\/section><section class=\"av_textblock_section \"><p>More information on the Consumer Portal at: <a href=\"http:\/\/www.consumidor.pt\/\" target=\"_blank\" rel=\"noopener noreferrer\">www.consumidor.pt<\/a><\/p><\/section><\/section><\/div><\/div>\t\t\t\t\t\t\t<\/div>\r\n\t\t\t\t\t\t\t\t\t\t<\/div>\n\t\t\t\t<\/div>\n\t\t\t\t<\/div>\n\t\t\t\t\t<\/div>\n\t\t\t\t<\/div>\n\t\t\t\t<\/div>\n\t\t","protected":false},"excerpt":{"rendered":"<p>Hotel Dom Henrique In the event of a dispute, the consumer can turn to an Alternative Dispute Resolution Body calledCentro&#8230;<\/p>\n","protected":false},"author":2,"featured_media":0,"parent":0,"menu_order":0,"comment_status":"closed","ping_status":"closed","template":"page-fullwidth.php","meta":{"rs_blank_template":"","rs_page_bg_color":"","slide_template_v7":"","footnotes":""},"wf_page_folders":[91],"class_list":["post-30899","page","type-page","status-publish"],"_links":{"self":[{"href":"https:\/\/hoteldomhenrique.pt\/en\/wp-json\/wp\/v2\/pages\/30899","targetHints":{"allow":["GET"]}}],"collection":[{"href":"https:\/\/hoteldomhenrique.pt\/en\/wp-json\/wp\/v2\/pages"}],"about":[{"href":"https:\/\/hoteldomhenrique.pt\/en\/wp-json\/wp\/v2\/types\/page"}],"author":[{"embeddable":true,"href":"https:\/\/hoteldomhenrique.pt\/en\/wp-json\/wp\/v2\/users\/2"}],"replies":[{"embeddable":true,"href":"https:\/\/hoteldomhenrique.pt\/en\/wp-json\/wp\/v2\/comments?post=30899"}],"version-history":[{"count":0,"href":"https:\/\/hoteldomhenrique.pt\/en\/wp-json\/wp\/v2\/pages\/30899\/revisions"}],"wp:attachment":[{"href":"https:\/\/hoteldomhenrique.pt\/en\/wp-json\/wp\/v2\/media?parent=30899"}],"wp:term":[{"taxonomy":"wf_page_folders","embeddable":true,"href":"https:\/\/hoteldomhenrique.pt\/en\/wp-json\/wp\/v2\/wf_page_folders?post=30899"}],"curies":[{"name":"wp","href":"https:\/\/api.w.org\/{rel}","templated":true}]}}